{"id":1455,"date":"2022-09-01T10:58:33","date_gmt":"2022-09-01T05:28:33","guid":{"rendered":"http:\/\/ecom.itdeveloper.lv\/cookies\/"},"modified":"2026-03-25T15:44:34","modified_gmt":"2026-03-25T13:44:34","slug":"cookies","status":"publish","type":"page","link":"https:\/\/ecom.itdeveloper.lv\/en\/cookies\/","title":{"rendered":"Cookies"},"content":{"rendered":"<p><strong>Cookies<\/strong><\/p>\n<p>The Company uses cookies on its websites to improve the user experience of the website, ensure its operation and functionality, etc. purposes. We invite you to familiarize yourself with more information about the cookies used on our websites.<\/p>\n<p>Cookies are small text files that a web browser (e.g. Internet Explorer, Firexox, Safari, etc.) stores on the website visitor&#8217;s terminal device (computer, mobile phone, tablet) to identify the browser or store information or settings in the browser. Thus, with the help of cookies, the website acquires the ability to save the user&#8217;s individual settings, recognize him and respond accordingly. The website visitor can disable or limit the use of cookies, but without cookies it will not be possible to fully use all the website functions.<\/p>\n<p><strong>What cookies does the Company use and for what purposes?<\/strong><\/p>\n<p>Depending on the functions to be performed and the purpose of use, there are strictly necessary cookies, functional cookies, analytical cookies and targeting (advertising) cookies.<\/p>\n<p>Strictly necessary cookies are necessary so that the site visitor can freely visit and browse the website and use the options it offers, including obtaining information about services and purchasing them, and the Company &#8211; to fulfill requests initiated by the visitor. These cookies identify the site visitor&#8217;s device, but do not collect or compile information. Without these cookies, the website will not be able to function fully, for example, provide the necessary information, provide the requested services in the e-shop or watch the requested video. These cookies are stored on the site visitor&#8217;s device until the web browser is closed. In accordance with the Information Society Services Law, strictly necessary cookies are placed automatically. If, however, using the options provided by the browser, the site visitor chooses to disable them &#8211; the website will not be able to function fully.<\/p>\n<p>With functional cookies, the website remembers the settings selected by the visitor and the choices made, so that the website can be used more conveniently later. These cookies are stored permanently on the visitor&#8217;s device.<\/p>\n<p>Analytical cookies collect information about how the website visitor uses the website, identifies the most frequently visited sections, including the content that the visitor selects while browsing the website. The information is used for analytical purposes to find out what interests the website users and to improve the functionality of the website and make it more user-friendly. Analytical cookies only identify the visitor&#8217;s device, but do not reveal the identity of the visitor. In some cases, some of the analytical cookies are managed by third parties, such as Google Analytics, on behalf of the Company, in accordance with the Company&#8217;s instructions and only for the specified purposes.<\/p>\n<p>Targeting (advertising) cookies are used by the Company to collect information about the websites visited and to offer our or our cooperation partners&#8217; services of interest to a specific website visitor or to address offers that correspond to the visitor&#8217;s expressed interest. These cookies are usually placed by third parties, such as Google AdWords, with the Company&#8217;s permission for the specified purposes. Target cookies are stored on the visitor&#8217;s device.<\/p>\n<p><strong>Cookie confirmation and refutation<\/strong><\/p>\n<p>When visiting the Company&#8217;s website, the visitor is presented with a window with a message stating that the website uses cookies. By clicking &#8220;Agree&#8221;, the visitor confirms that he has read the information about cookies and the purposes of their use. The security settings of each web browser allow for the restriction and deletion of cookies. However, it should be noted that if strictly necessary cookies are disabled, the website will not be able to function fully.<\/p>\n<p><strong>Cookie control <\/strong><\/p>\n<p>The data subject can delete cookies at his\/her own discretion. For more information, please see:\u202f<a href=\"https:\/\/www.youronlinechoices.com\/lv\/\" target=\"_blank\" rel=\"noopener\">www.youronlinechoices.com\/lv\/<\/a>.<\/p>\n<p>A visitor to the Company&#8217;s website can delete all cookies already stored on their computer and can set their browser to not allow them to be stored. In this case, the choice not to store cookies must be manually indicated each time you visit the Company&#8217;s website, but in this case some services and website functions may not work.<\/p>\n<p><strong>Recipients of personal data<\/strong><\/p>\n<p>In cases specified by law, the Company may transfer information to third parties. The Company may also use outsourcing services to ensure more efficient performance of its functions.<\/p>\n<p>Personal data is not transferred to third countries.<\/p>\n<p><strong>Access to your personal data and other data subject rights<\/strong><\/p>\n<p>To receive information about the personal data that the Company processes about you, you must submit an application addressed to SIA &#8220;P\u0112RSE-L.L.K.&#8221;, Br\u012bv\u012bbas iela 80-6, Riga, LV-1001.<\/p>\n<p>The data subject has the right to request the deletion of personal data, restriction of processing of personal data, objection to the processing of personal data, and request the correction of personal data in accordance with the provisions of the Regulation.<\/p>\n<p>The Company communicates with the data subject using the contact information provided by the data subject (telephone number, e-mail address, address), but information can be received in person (by presenting an identity document) or by mail, which will be sent to the address specified in the application by registered mail.<\/p>\n<p>If you believe that your rights to personal data protection have been violated, you may file a complaint with the personal data supervisory authority in your place of permanent residence.<\/p>\n<p><strong>changes to the Privacy Policy <\/strong><\/p>\n<p>The company has the right to make changes at any time, which are published on the website \u2013 www.bekereja.lv.<\/p>\n","protected":false},"excerpt":{"rendered":"<p>Cookies The Company uses cookies on its websites to improve the user experience of the website, ensure its operation and functionality, etc. purposes. We invite you to familiarize yourself with more information about the cookies used on our websites. Cookies are small text files that a web browser (e.g. Internet Explorer, Firexox, Safari, etc.) stores [&hellip;]<\/p>\n","protected":false},"author":1,"featured_media":0,"parent":0,"menu_order":0,"comment_status":"closed","ping_status":"closed","template":"","meta":{"_acf_changed":false,"footnotes":""},"class_list":["post-1455","page","type-page","status-publish","hentry"],"acf":[],"_links":{"self":[{"href":"https:\/\/ecom.itdeveloper.lv\/en\/wp-json\/wp\/v2\/pages\/1455","targetHints":{"allow":["GET"]}}],"collection":[{"href":"https:\/\/ecom.itdeveloper.lv\/en\/wp-json\/wp\/v2\/pages"}],"about":[{"href":"https:\/\/ecom.itdeveloper.lv\/en\/wp-json\/wp\/v2\/types\/page"}],"author":[{"embeddable":true,"href":"https:\/\/ecom.itdeveloper.lv\/en\/wp-json\/wp\/v2\/users\/1"}],"replies":[{"embeddable":true,"href":"https:\/\/ecom.itdeveloper.lv\/en\/wp-json\/wp\/v2\/comments?post=1455"}],"version-history":[{"count":4,"href":"https:\/\/ecom.itdeveloper.lv\/en\/wp-json\/wp\/v2\/pages\/1455\/revisions"}],"predecessor-version":[{"id":6608,"href":"https:\/\/ecom.itdeveloper.lv\/en\/wp-json\/wp\/v2\/pages\/1455\/revisions\/6608"}],"wp:attachment":[{"href":"https:\/\/ecom.itdeveloper.lv\/en\/wp-json\/wp\/v2\/media?parent=1455"}],"curies":[{"name":"wp","href":"https:\/\/api.w.org\/{rel}","templated":true}]}}